{"id":1019,"date":"2019-02-28T15:07:47","date_gmt":"2019-02-28T13:07:47","guid":{"rendered":"https:\/\/www.lapiazza-andorra.com\/politica-privacidad"},"modified":"2020-08-31T09:47:04","modified_gmt":"2020-08-31T07:47:04","slug":"politica-privacitat","status":"publish","type":"page","link":"https:\/\/www.lapiazza-andorra.com\/ca\/politica-privacitat","title":{"rendered":"Pol\u00edtica de privacitat"},"content":{"rendered":"<p>[et_pb_section fb_built=&#8221;1&#8243; admin_label=&#8221;section&#8221; _builder_version=&#8221;3.22&#8243;][et_pb_row admin_label=&#8221;row&#8221; _builder_version=&#8221;3.25&#8243; background_size=&#8221;initial&#8221; background_position=&#8221;top_left&#8221; background_repeat=&#8221;repeat&#8221;][et_pb_column type=&#8221;4_4&#8243; _builder_version=&#8221;3.25&#8243; custom_padding=&#8221;|||&#8221; custom_padding__hover=&#8221;|||&#8221;][et_pb_text admin_label=&#8221;Text&#8221; _builder_version=&#8221;4.5.7&#8243; background_size=&#8221;initial&#8221; background_position=&#8221;top_left&#8221; background_repeat=&#8221;repeat&#8221; hover_enabled=&#8221;0&#8243;]<!-- divi:heading --><\/p>\n<p>\u00daltima actualizaci\u00f3: divendres, 23 de mayo de 2018<\/p>\n<p><strong>POL\u00cdTICA DE PRIVACITAT &#8211; lapiazza-andorra.com<\/strong><\/p>\n<p>Si us plau, llegiu amb atenci\u00f3 la seg\u00fcent informaci\u00f3 per entendre les nostres pr\u00e0ctiques pel que fa a les seves dades personals i com anem a processar les dades.<\/p>\n<p>El present Pol\u00edtica de Privacitat estableix els termes en qu\u00e8 <strong>lapiazza-andorra.com<\/strong> usa i protegeix la informaci\u00f3 que \u00e9s proporcionada pels seus usuaris al moment d&#8217;utilitzar el seu lloc web. Aquesta companyia est\u00e0 compromesa amb la seguretat de les dades dels seus usuaris. Quan li demanem omplir els camps d&#8217;informaci\u00f3 personal amb la qual vost\u00e8 pugui ser identificat, ho fem assegurant que nom\u00e9s es far\u00e0 servir d&#8217;acord amb els termes d&#8217;aquest document.<\/p>\n<p>No obstant aix\u00f2, aquesta pol\u00edtica de privacitat pot canviar amb el temps o ser actualitzada pel que li recomanem i emfatitzem revisar cont\u00ednuament aquesta p\u00e0gina per assegurar-se que est\u00e0 d&#8217;acord amb aquests canvis.<\/p>\n<p><strong>Informaci\u00f3 que \u00e9s recollida<\/strong><\/p>\n<p>El nostre lloc web podr\u00e0 recollir informaci\u00f3 personal, per exemple: Nom, informaci\u00f3 de contacte com la seva adre\u00e7a de correu electr\u00f2nica i informaci\u00f3 demogr\u00e0fica. Aix\u00ed mateix quan sigui necessari podr\u00e0 ser requerida informaci\u00f3 espec\u00edfica per processar alguna comanda o realitzar un lliurament o facturaci\u00f3.<\/p>\n<p><strong>\u00das de la informaci\u00f3 recollida<\/strong><\/p>\n<p>El nostre lloc web empra la informaci\u00f3 per tal de proporcionar el millor servei possible, particularment per mantenir un registre d&#8217;usuaris, de comandes en cas que s&#8217;apliqui, i millorar els nostres productes i serveis. \u00c9s possible que siguin enviats correus electr\u00f2nics peri\u00f2dicament a trav\u00e9s del nostre lloc amb ofertes especials, nous productes i altra informaci\u00f3 publicit\u00e0ria que considerem rellevant per a vost\u00e8 o que pugui brindar algun benefici, aquests correus electr\u00f2nics seran enviats a l&#8217;adre\u00e7a que vost\u00e8 proporcioni i podran ser cancel\u00b7lats en qualsevol moment.<\/p>\n<p><strong>lapiazza-andorra.com<\/strong> est\u00e0 altament comprom\u00e8s per complir amb el comprom\u00eds de mantenir la seva informaci\u00f3 segura. Fem servir els sistemes m\u00e9s avan\u00e7ats i els actualitzem constantment per assegurar-nos que no hi hagi cap acc\u00e9s no autoritzat.<\/p>\n<p><strong>Cookies<\/strong><\/p>\n<p>Una cookie es refereix a un fitxer que \u00e9s enviat amb la finalitat de sol\u00b7licitar perm\u00eds per emmagatzemar en el seu ordinador, en acceptar aquest fitxer es crea i la galeta serveix llavors per tenir informaci\u00f3 respecte al tr\u00e0nsit web, i tamb\u00e9 facilita les futures visites a una web recurrent. Una altra funci\u00f3 que tenen les cookie \u00e9s que amb elles les webs poden recon\u00e8ixer individualment i per tant brindar-te el millor servei personalitzat de la seva web.<\/p>\n<p>El nostre lloc web fa servir cookie per a poder identificar les p\u00e0gines que s\u00f3n visitades i la seva freq\u00fc\u00e8ncia. Aquesta informaci\u00f3 \u00e9s emprada \u00fanicament per a an\u00e0lisi estad\u00edstica i despr\u00e9s la informaci\u00f3 s&#8217;elimina de forma permanent. Vost\u00e8 pot eliminar les cookie en qualsevol moment des del seu ordinador. No obstant aix\u00f2, les cookie ajuden a proporcionar un millor servei dels llocs web, est\u00e0s no donen acc\u00e9s a informaci\u00f3 del seu ordinador ni de vost\u00e8, a menys que vost\u00e8 aix\u00ed ho vulgui i la proporcioni directament.<\/p>\n<p>Vost\u00e8 pot acceptar o negar l&#8217;\u00fas de cookies, per\u00f2, la majoria dels navegadors accepten galetes autom\u00e0ticament ja que serveix per tenir un millor servei web. Tamb\u00e9 vost\u00e8 pot canviar la configuraci\u00f3 del seu ordinador per declinar les cookie. Si es declinen \u00e9s possible que no pugui utilitzar alguns dels nostres serveis.<\/p>\n<p><strong>Enlla\u00e7os a Tercers<\/strong><\/p>\n<p>Aquest lloc web pogu\u00e9s contenir en lla\u00e7os a altres llocs que puguin ser del seu inter\u00e8s. Una vegada que vost\u00e8 de clic en aquests enlla\u00e7os i abandoni la nostra p\u00e0gina, ja no tenim control sobre al lloc al qual \u00e9s redirigit i per tant no som responsables dels termes o privacitat ni de la protecci\u00f3 de les seves dades en aquests altres llocs tercers. Aquests llocs estan subjectes a les seves pr\u00f2pies pol\u00edtiques de privacitat per la qual cosa \u00e9s recomanable que els consulti per confirmar que vost\u00e8 est\u00e0 d&#8217;acord amb aquestes.<\/p>\n<p><strong>Control de la seva informaci\u00f3 personal<\/strong><\/p>\n<p>En qualsevol moment vost\u00e8 pot restringir la recopilaci\u00f3 o l&#8217;\u00fas de la informaci\u00f3 personal que \u00e9s proporcionada al nostre lloc web. Cada vegada que se li demani omplir un formulari, com el d&#8217;alta d&#8217;usuari, pot canviar la selecci\u00f3 l&#8217;opci\u00f3 de rebre informaci\u00f3 per correu electr\u00f2nic. En cas que hagi marcat l&#8217;opci\u00f3 de rebre el nostre butllet\u00ed o publicitat vost\u00e8 pot cancel\u00b7lar-la en qualsevol moment.<\/p>\n<p>Aquesta companyia no vendr\u00e0, cedir\u00e0 o distribuir\u00e0 la informaci\u00f3 personal que \u00e9s recopilada sense el seu consentiment, llevat que sigui requerit per un jutge amb un ordre judicial.<\/p>\n<p><strong>Queixes<\/strong><\/p>\n<p>Estem compromesos a resoldre les queixes sobre la recopilaci\u00f3 o l&#8217;\u00fas de les seves dades personals. Si desitja fer una queixa en relaci\u00f3 amb les presents Condicions o les nostres pr\u00e0ctiques en relaci\u00f3 amb les seves dades personals, poseu-vos en contacte amb nosaltres a:\u00a0<a href=\"mailto:lapiazza@andorra.ad\" style=\"font-size: 14px;\">lapiazza@andorra.ad<\/a><\/p>\n<p>Anem a respondre a la seva queixa tan aviat com sigui possible i en tot cas, dins dels 30 dies. Esperem que, per resoldre qualsevol queixa de la nostra atenci\u00f3, per\u00f2, si vost\u00e8 sent que la seva queixa no s&#8217;ha resolt de manera adequada, es reserva el dret de contactar amb l&#8217;autoritat de control de protecci\u00f3 de dades local<\/p>\n<p><strong>lapiazza-andorra.com<\/strong> es reserva el dret de canviar els termes de la present Pol\u00edtica de Privacitat en qualsevol moment.<\/p>\n<p>[\/et_pb_text][\/et_pb_column][\/et_pb_row][\/et_pb_section]<\/p>\n","protected":false},"excerpt":{"rendered":"<p>\u00daltima actualizaci\u00f3: divendres, 23 de mayo de 2018 POL\u00cdTICA DE PRIVACITAT &#8211; lapiazza-andorra.com Si us plau, llegiu amb atenci\u00f3 la seg\u00fcent informaci\u00f3 per entendre les nostres pr\u00e0ctiques pel que fa a les seves dades personals i com anem a processar les dades. El present Pol\u00edtica de Privacitat estableix els termes en qu\u00e8 lapiazza-andorra.com usa i [&hellip;]<\/p>\n","protected":false},"author":1,"featured_media":0,"parent":0,"menu_order":0,"comment_status":"closed","ping_status":"closed","template":"","meta":{"_et_pb_use_builder":"on","_et_pb_old_content":"","_et_gb_content_width":"","footnotes":""},"class_list":["post-1019","page","type-page","status-publish","hentry"],"yoast_head":"<!-- This site is optimized with the Yoast SEO plugin v27.2 - https:\/\/yoast.com\/product\/yoast-seo-wordpress\/ -->\n<title>Pol\u00edtica de privacitat - La Piazza Restaurant Pizzer\u00eda en Andorra<\/title>\n<meta name=\"robots\" content=\"noindex, follow\" \/>\n<meta property=\"og:locale\" content=\"ca_ES\" \/>\n<meta property=\"og:type\" content=\"article\" \/>\n<meta property=\"og:title\" content=\"Pol\u00edtica de privacitat - La Piazza Restaurant Pizzer\u00eda en Andorra\" \/>\n<meta property=\"og:description\" content=\"\u00daltima actualizaci\u00f3: divendres, 23 de mayo de 2018 POL\u00cdTICA DE PRIVACITAT - lapiazza-andorra.com Si us plau, llegiu amb atenci\u00f3 la seg\u00fcent informaci\u00f3 per entendre les nostres pr\u00e0ctiques pel que fa a les seves dades personals i com anem a processar les dades. El present Pol\u00edtica de Privacitat estableix els termes en qu\u00e8 lapiazza-andorra.com usa i [&hellip;]\" \/>\n<meta property=\"og:url\" content=\"https:\/\/www.lapiazza-andorra.com\/ca\/politica-privacitat\" \/>\n<meta property=\"og:site_name\" content=\"La Piazza Restaurant Pizzer\u00eda en Andorra\" \/>\n<meta property=\"article:modified_time\" content=\"2020-08-31T07:47:04+00:00\" \/>\n<meta name=\"twitter:card\" content=\"summary_large_image\" \/>\n<meta name=\"twitter:label1\" content=\"Temps estimat de lectura\" \/>\n\t<meta name=\"twitter:data1\" content=\"5 minuts\" \/>\n<script type=\"application\/ld+json\" class=\"yoast-schema-graph\">{\"@context\":\"https:\/\/schema.org\",\"@graph\":[{\"@type\":\"WebPage\",\"@id\":\"https:\/\/www.lapiazza-andorra.com\/ca\/politica-privacitat\",\"url\":\"https:\/\/www.lapiazza-andorra.com\/ca\/politica-privacitat\",\"name\":\"Pol\u00edtica de privacitat - La Piazza Restaurant Pizzer\u00eda en Andorra\",\"isPartOf\":{\"@id\":\"https:\/\/www.lapiazza-andorra.com\/ca#website\"},\"datePublished\":\"2019-02-28T13:07:47+00:00\",\"dateModified\":\"2020-08-31T07:47:04+00:00\",\"breadcrumb\":{\"@id\":\"https:\/\/www.lapiazza-andorra.com\/ca\/politica-privacitat#breadcrumb\"},\"inLanguage\":\"ca\",\"potentialAction\":[{\"@type\":\"ReadAction\",\"target\":[\"https:\/\/www.lapiazza-andorra.com\/ca\/politica-privacitat\"]}]},{\"@type\":\"BreadcrumbList\",\"@id\":\"https:\/\/www.lapiazza-andorra.com\/ca\/politica-privacitat#breadcrumb\",\"itemListElement\":[{\"@type\":\"ListItem\",\"position\":1,\"name\":\"Home\",\"item\":\"https:\/\/www.lapiazza-andorra.com\/ca\"},{\"@type\":\"ListItem\",\"position\":2,\"name\":\"Pol\u00edtica de privacitat\"}]},{\"@type\":\"WebSite\",\"@id\":\"https:\/\/www.lapiazza-andorra.com\/ca#website\",\"url\":\"https:\/\/www.lapiazza-andorra.com\/ca\",\"name\":\"La Piazza Restaurant Pizzer\u00eda en Andorra\",\"description\":\"Pizzeria Restaurante La Piazza en Andorra la Vella. Las mejores pizzas con masa madre de Andorra.\",\"potentialAction\":[{\"@type\":\"SearchAction\",\"target\":{\"@type\":\"EntryPoint\",\"urlTemplate\":\"https:\/\/www.lapiazza-andorra.com\/ca?s={search_term_string}\"},\"query-input\":{\"@type\":\"PropertyValueSpecification\",\"valueRequired\":true,\"valueName\":\"search_term_string\"}}],\"inLanguage\":\"ca\"}]}<\/script>\n<!-- \/ Yoast SEO plugin. -->","yoast_head_json":{"title":"Pol\u00edtica de privacitat - La Piazza Restaurant Pizzer\u00eda en Andorra","robots":{"index":"noindex","follow":"follow"},"og_locale":"ca_ES","og_type":"article","og_title":"Pol\u00edtica de privacitat - La Piazza Restaurant Pizzer\u00eda en Andorra","og_description":"\u00daltima actualizaci\u00f3: divendres, 23 de mayo de 2018 POL\u00cdTICA DE PRIVACITAT - lapiazza-andorra.com Si us plau, llegiu amb atenci\u00f3 la seg\u00fcent informaci\u00f3 per entendre les nostres pr\u00e0ctiques pel que fa a les seves dades personals i com anem a processar les dades. El present Pol\u00edtica de Privacitat estableix els termes en qu\u00e8 lapiazza-andorra.com usa i [&hellip;]","og_url":"https:\/\/www.lapiazza-andorra.com\/ca\/politica-privacitat","og_site_name":"La Piazza Restaurant Pizzer\u00eda en Andorra","article_modified_time":"2020-08-31T07:47:04+00:00","twitter_card":"summary_large_image","twitter_misc":{"Temps estimat de lectura":"5 minuts"},"schema":{"@context":"https:\/\/schema.org","@graph":[{"@type":"WebPage","@id":"https:\/\/www.lapiazza-andorra.com\/ca\/politica-privacitat","url":"https:\/\/www.lapiazza-andorra.com\/ca\/politica-privacitat","name":"Pol\u00edtica de privacitat - La Piazza Restaurant Pizzer\u00eda en Andorra","isPartOf":{"@id":"https:\/\/www.lapiazza-andorra.com\/ca#website"},"datePublished":"2019-02-28T13:07:47+00:00","dateModified":"2020-08-31T07:47:04+00:00","breadcrumb":{"@id":"https:\/\/www.lapiazza-andorra.com\/ca\/politica-privacitat#breadcrumb"},"inLanguage":"ca","potentialAction":[{"@type":"ReadAction","target":["https:\/\/www.lapiazza-andorra.com\/ca\/politica-privacitat"]}]},{"@type":"BreadcrumbList","@id":"https:\/\/www.lapiazza-andorra.com\/ca\/politica-privacitat#breadcrumb","itemListElement":[{"@type":"ListItem","position":1,"name":"Home","item":"https:\/\/www.lapiazza-andorra.com\/ca"},{"@type":"ListItem","position":2,"name":"Pol\u00edtica de privacitat"}]},{"@type":"WebSite","@id":"https:\/\/www.lapiazza-andorra.com\/ca#website","url":"https:\/\/www.lapiazza-andorra.com\/ca","name":"La Piazza Restaurant Pizzer\u00eda en Andorra","description":"Pizzeria Restaurante La Piazza en Andorra la Vella. Las mejores pizzas con masa madre de Andorra.","potentialAction":[{"@type":"SearchAction","target":{"@type":"EntryPoint","urlTemplate":"https:\/\/www.lapiazza-andorra.com\/ca?s={search_term_string}"},"query-input":{"@type":"PropertyValueSpecification","valueRequired":true,"valueName":"search_term_string"}}],"inLanguage":"ca"}]}},"_links":{"self":[{"href":"https:\/\/www.lapiazza-andorra.com\/ca\/wp-json\/wp\/v2\/pages\/1019","targetHints":{"allow":["GET"]}}],"collection":[{"href":"https:\/\/www.lapiazza-andorra.com\/ca\/wp-json\/wp\/v2\/pages"}],"about":[{"href":"https:\/\/www.lapiazza-andorra.com\/ca\/wp-json\/wp\/v2\/types\/page"}],"author":[{"embeddable":true,"href":"https:\/\/www.lapiazza-andorra.com\/ca\/wp-json\/wp\/v2\/users\/1"}],"replies":[{"embeddable":true,"href":"https:\/\/www.lapiazza-andorra.com\/ca\/wp-json\/wp\/v2\/comments?post=1019"}],"version-history":[{"count":3,"href":"https:\/\/www.lapiazza-andorra.com\/ca\/wp-json\/wp\/v2\/pages\/1019\/revisions"}],"predecessor-version":[{"id":1023,"href":"https:\/\/www.lapiazza-andorra.com\/ca\/wp-json\/wp\/v2\/pages\/1019\/revisions\/1023"}],"wp:attachment":[{"href":"https:\/\/www.lapiazza-andorra.com\/ca\/wp-json\/wp\/v2\/media?parent=1019"}],"curies":[{"name":"wp","href":"https:\/\/api.w.org\/{rel}","templated":true}]}}